{"id":2,"date":"2017-03-15T17:49:46","date_gmt":"2017-03-15T20:49:46","guid":{"rendered":"https:\/\/www.cardinalassistance.com\/tips\/?page_id=2"},"modified":"2017-03-17T16:20:37","modified_gmt":"2017-03-17T19:20:37","slug":"asistencia-al-viajero-o-seguro-de-viaje","status":"publish","type":"page","link":"https:\/\/www.cardinalassistance.com\/tips\/","title":{"rendered":"\u00bfAsistencia al viajero o Seguro de viaje?"},"content":{"rendered":"<p>La principal diferencia entre estos productos radica en la forma de prestaci\u00f3n de las coberturas, ya que mientras la <strong>Asistencia al Viajero<\/strong> brinda la prestaci\u00f3n de manera directa en el momento del evento, un seguro de viaje solo reembolsa las sumas gastadas por el asegurado, de manera posterior al evento, hasta los l\u00edmites de cobertura.<\/p>\n<p>La principal diferencia entre estos productos radica en la forma de prestaci\u00f3n de las coberturas, ya que mientras la <strong>Asistencia al Viajero<\/strong> brinda la prestaci\u00f3n de manera directa en el momento del evento, un seguro de viaje solo reembolsa las sumas gastadas por el asegurado, de manera posterior al evento, hasta los l\u00edmites de cobertura.<\/p>\n<p>Nuestro servicio de asistencia al viajero brinda una <strong>cobertura integral<\/strong>, no solo m\u00e9dica, sino tambi\u00e9n Coberturas para Equipajes, Asistencia Legal y Fianzas, Traslado Sanitario, Repatriaci\u00f3n Sanitaria, Repatriaci\u00f3n de Restos, Transferencia de fondos en caso de urgencia, entre otros. Es un servicio instant\u00e1neo ante cualquier necesidad pensado para protegerlo de cualquier imprevisto que pueda llegar a sorprenderlo en su viaje. Para todo esto, contamos una red asistencial internacional, con bases operativas alrededor del mundo, con el fin de brindar una asistencia en el momento, evitando que el pasajero deba desembolsar importantes sumas a la espera del reembolso posterior por parte de la Compa\u00f1\u00eda.<\/p>\n<p>Un Seguro de Viajero en cambio, es una p\u00f3liza con coberturas definidas hasta las sumas detalladas, donde principalmente, luego de hacerse cargo de abonar los montos del siniestro, el Asegurado debe solicitar los reintegros a la Aseguradora. En este caso debe ser el pasajero quien deber\u00e1 buscar por su propia cuenta los servicios m\u00e9dicos que requiera, la mayor\u00eda de las veces en un idioma distinto, y tomando las decisiones pertinentes sobre los hospitales a los que recurrir y los especialistas a los que consultar dentro de una n\u00f3mina otorgada por el seguro. Y, lo m\u00e1s riesgoso, deber\u00e1 incurrir en los gastos que sean necesarios y eventualmente solo procurar el reintegro cuando regrese a su pa\u00eds.<\/p>\n<p>Nuestro servicio de asistencia al viajero contempla atenci\u00f3n las 24 horas, los 365 d\u00edas del a\u00f1o, en su idioma de origen. Seremos nosotros quien nos ocupemos de tomar las decisiones, y en la mayor\u00eda de los casos los costos se cubren directamente con el m\u00e9dico u hospital, por lo cual usted no debe preocuparse por los gastos.<\/p>\n<p>Mas all\u00e1 de que un seguro le puede ayudar a recuperar los gastos ocasionados por cualquier enfermedad o siniestro contemplado en la p\u00f3liza, la asistencia al viajero de <strong>Cardinal Assistance<\/strong> le brinda tambi\u00e9n el soporte que necesita cuando ocurre alg\u00fan imprevisto en su viaje.<\/p>\n<p>Es por eso que si esta por viajar recomendamos contratar un servico de Asistencia al viajero de <strong>Cardinal Assistance<\/strong>, a fin de despreocuparse por completo respecto a la cobertura m\u00e9dica y asistencia internacional.<\/p>\n<p><a href=\"http:\/\/www.cardinalassistance.com\/cotiza_ahora\"><strong>Cotice online ahora y conozca nuestros planes.<\/strong><\/a><\/p>\n","protected":false},"excerpt":{"rendered":"<p>La principal diferencia entre estos productos radica en la forma de prestaci\u00f3n de las coberturas, ya que mientras la Asistencia al Viajero brinda la prestaci\u00f3n de manera directa en el momento del evento, un seguro de viaje solo reembolsa las sumas gastadas por el asegurado, de manera posterior al evento, hasta los l\u00edmites de cobertura. &#8230; <a title=\"\u00bfAsistencia al viajero o Seguro de viaje?\" class=\"read-more\" href=\"https:\/\/www.cardinalassistance.com\/tips\/\">Leer m\u00e1s<\/a><\/p>\n","protected":false},"author":1,"featured_media":0,"parent":0,"menu_order":0,"comment_status":"closed","ping_status":"open","template":"","meta":{"footnotes":""},"amp_enabled":false,"_links":{"self":[{"href":"https:\/\/www.cardinalassistance.com\/tips\/wp-json\/wp\/v2\/pages\/2"}],"collection":[{"href":"https:\/\/www.cardinalassistance.com\/tips\/wp-json\/wp\/v2\/pages"}],"about":[{"href":"https:\/\/www.cardinalassistance.com\/tips\/wp-json\/wp\/v2\/types\/page"}],"author":[{"embeddable":true,"href":"https:\/\/www.cardinalassistance.com\/tips\/wp-json\/wp\/v2\/users\/1"}],"replies":[{"embeddable":true,"href":"https:\/\/www.cardinalassistance.com\/tips\/wp-json\/wp\/v2\/comments?post=2"}],"version-history":[{"count":1,"href":"https:\/\/www.cardinalassistance.com\/tips\/wp-json\/wp\/v2\/pages\/2\/revisions"}],"predecessor-version":[{"id":72,"href":"https:\/\/www.cardinalassistance.com\/tips\/wp-json\/wp\/v2\/pages\/2\/revisions\/72"}],"wp:attachment":[{"href":"https:\/\/www.cardinalassistance.com\/tips\/wp-json\/wp\/v2\/media?parent=2"}],"curies":[{"name":"wp","href":"https:\/\/api.w.org\/{rel}","templated":true}]}}